{"id":2789,"date":"2025-02-18T22:29:13","date_gmt":"2025-02-18T22:29:13","guid":{"rendered":"https:\/\/tmmedios.com\/?page_id=2789"},"modified":"2025-10-09T16:08:54","modified_gmt":"2025-10-09T23:08:54","slug":"la-plakosa-95-3-fm","status":"publish","type":"page","link":"https:\/\/tmmedios.com\/?page_id=2789","title":{"rendered":"La Plakosa 95.3 FM"},"content":{"rendered":"\n<div class=\"wp-block-uagb-container uagb-layout-flex uagb-block-8608eadb alignfull uagb-is-root-container\"><div class=\"uagb-container-inner-blocks-wrap\">\n<div class=\"wp-block-uagb-container uagb-block-00d86ad0\">\n<div class=\"wp-block-uagb-image uagb-block-46102ef2 wp-block-uagb-image--layout-default wp-block-uagb-image--effect-static wp-block-uagb-image--align-none\"><figure class=\"wp-block-uagb-image__figure\"><img decoding=\"async\" srcset=\"https:\/\/tmmedios.com\/wp-content\/uploads\/2025\/02\/LOGO-La-Plakosa-95.3-fm-PAG-1-1024x482.png ,https:\/\/tmmedios.com\/wp-content\/uploads\/2025\/02\/LOGO-La-Plakosa-95.3-fm-PAG-1.png 780w, https:\/\/tmmedios.com\/wp-content\/uploads\/2025\/02\/LOGO-La-Plakosa-95.3-fm-PAG-1.png 360w\" sizes=\"auto, (max-width: 480px) 150px\" src=\"https:\/\/tmmedios.com\/wp-content\/uploads\/2025\/02\/LOGO-La-Plakosa-95.3-fm-PAG-1-1024x482.png\" alt=\"\" class=\"uag-image-2820\" width=\"382\" height=\"169\" title=\"LOGO La Plakosa 95.3 fm PAG\" loading=\"lazy\" role=\"img\"\/><\/figure><\/div>\n\n\n\n<div class=\"wp-block-uagb-container uagb-block-708ca62f\">\n<iframe loading=\"lazy\" name=\"contenedorPlayer\" class=\"cuadroBordeado\" allow=\"autoplay\" width=\"100%\" height=\"78px\" marginwidth=0 marginheight=0 hspace=0 vspace=0 frameborder=0 scrolling=no  src=\"https:\/\/cp.usastreams.com\/pr2g\/APPlayerRadioHTML5.aspx?stream=https:\/\/stream.zeno.fm\/202c8kg9d78uv&#038;fondo=05&#038;formato=mp3&#038;color=14&#038;titulo=2&#038;autoStart=1&#038;vol=7&#038;tipo=14&#038;nombre=Romantica+89.5+FM\"><\/iframe>\n<\/div>\n<\/div>\n\n\n\n<div class=\"wp-block-uagb-container uagb-block-7fb717a3\">\n<h2 style=\"text-align: center;\">Un concepto musical con los \u00e9xitos del regional mexicano, as\u00ed como entrevistas, promociones y todo lo que sucede en el mundo del entretenimiento.<\/h2>\n<h2 style=\"text-align: center;\">\u00a0<\/h2>\n<h1 style=\"text-align: center;\">La Plakosa 95.3 fm<\/h1>\n<h2 style=\"text-align: center;\">\u00a1Tocando las que te gustan!<\/h2>\n<\/div>\n<\/div><\/div>\n\n\n\n<div class=\"wp-block-uagb-container uagb-block-cb579f37 alignfull uagb-is-root-container\"><div class=\"uagb-container-inner-blocks-wrap\">\n<h2 class=\"wp-block-heading has-text-align-center has-luminous-vivid-orange-color has-text-color has-link-color wp-elements-8dafe7330e624f3aa29d9629295b0248\" style=\"font-size:50px\">Nuestras Voces<\/h2>\n\n\n\n<div class=\"wp-block-uagb-container uagb-block-a7f179c5 alignfull uagb-is-root-container\">\n<div class=\"wp-block-uagb-container uagb-block-e3085d61\">\n<div class=\"wp-block-uagb-team uagb-team__image-position-above uagb-team__align-center uagb-team__stack-tablet uagb-block-0ec0fc9a\"><div class=\"uagb-team__content\"><img decoding=\"async\" class=\"uagb-team__image-crop-circle\" src=\"https:\/\/tmmedios.com\/wp-content\/uploads\/2025\/02\/SERGIO-TORRES-perfil-150x150.jpg\" alt=\"\" height=\"100\" width=\"100\" loading=\"lazy\"\/><h3 class=\"uagb-team__title\">Sergio Torres<\/h3><span class=\"uagb-team__prefix\">Las Movidas de Sergio Torres<\/span><p class=\"uagb-team__desc\">Acompa\u00f1a a Sergio Torres el locutor n\u00famero dos, todas las ma\u00f1anas en Las Movidas de Sergio Torres para activarte cada ma\u00f1ana con las mejores cumbias y las mejores promociones, escuchalo de 8 a 10 am.<\/p><ul class=\"uagb-team__social-list\"><\/ul><\/div><\/div>\n<\/div>\n\n\n\n<div class=\"wp-block-uagb-container uagb-block-d588955b\">\n<div class=\"wp-block-uagb-team uagb-team__image-position-above uagb-team__align-center uagb-team__stack-tablet uagb-block-78a382f2\"><div class=\"uagb-team__content\"><img decoding=\"async\" class=\"uagb-team__image-crop-circle\" src=\"https:\/\/tmmedios.com\/wp-content\/uploads\/2025\/02\/PAMELA-GONZALEZ-perfil-150x150.jpg\" alt=\"\" height=\"100\" width=\"100\" loading=\"lazy\"\/><h3 class=\"uagb-team__title\">Pamela Gonzalez<\/h3><span class=\"uagb-team__prefix\">Locutora<\/span><p class=\"uagb-team__desc\">Acompa\u00f1a a Pamela G\u00f3nzalez con la mejor m\u00fasica del regional mexicano y las noticias mas importantes del entretenimiento de lunes a viernes de 10 a 1 pm.<\/p><ul class=\"uagb-team__social-list\"><\/ul><\/div><\/div>\n<\/div>\n\n\n\n<div class=\"wp-block-uagb-container uagb-block-d229e182\">\n<div class=\"wp-block-uagb-team uagb-team__image-position-above uagb-team__align-center uagb-team__stack-tablet uagb-block-a4d4c5a0\"><div class=\"uagb-team__content\"><img decoding=\"async\" class=\"uagb-team__image-crop-circle\" src=\"https:\/\/tmmedios.com\/wp-content\/uploads\/2025\/02\/RAMON-BARRAGAN-EL-PAQUETITO-perfil-150x150.jpg\" alt=\"\" height=\"100\" width=\"100\" loading=\"lazy\"\/><h3 class=\"uagb-team__title\">Ram\u00f3n Benitez &#8220;El Paquetito&#8221;<\/h3><span class=\"uagb-team__prefix\">El Dezmauser<\/span><p class=\"uagb-team__desc\">El Paquetito te alegrara tu hora de la comida de la mejor manera, con los churpihoroscopos y su sensacional doble sentido en el Desmauzer. escuchalo de lunes a viernes de 1 a 3 pm.<\/p><ul class=\"uagb-team__social-list\"><\/ul><\/div><\/div>\n<\/div>\n\n\n\n<div class=\"wp-block-uagb-container uagb-block-c29da47e\">\n<div class=\"wp-block-uagb-team uagb-team__image-position-above uagb-team__align-center uagb-team__stack-tablet uagb-block-6789573a\"><div class=\"uagb-team__content\"><img decoding=\"async\" class=\"uagb-team__image-crop-circle\" src=\"https:\/\/tmmedios.com\/wp-content\/uploads\/2025\/04\/WhatsApp-Image-2025-03-31-at-11.17.28-AM-150x150.jpeg\" alt=\"\" height=\"100\" width=\"100\" loading=\"lazy\"\/><h3 class=\"uagb-team__title\">Ivanjov Valenzuela<\/h3><span class=\"uagb-team__prefix\">Arremangando<\/span><p class=\"uagb-team__desc\">Acompa\u00f1a a Ivanjov Valenzuela con la m\u00fasica m\u00e1s arremangada, Las mejores entrevistas y Mitotes pa los ranchos de lunes a viernes de 4 a 6 pm x la Plakosa 95.3 fm, Arremangando con Ivanjov Valenzuela.<\/p><ul class=\"uagb-team__social-list\"><\/ul><\/div><\/div>\n<\/div>\n<\/div>\n<\/div><\/div>\n\n\n\n<div class=\"wp-block-uagb-container uagb-block-7eb833d1 alignfull uagb-is-root-container\"><div class=\"uagb-container-inner-blocks-wrap\">\n<div class=\"wp-block-uagb-container uagb-block-63c60538\">\n<div class=\"wp-block-uagb-image uagb-block-757b0a56 wp-block-uagb-image--layout-default wp-block-uagb-image--effect-static wp-block-uagb-image--align-none\"><figure class=\"wp-block-uagb-image__figure\"><img decoding=\"async\" srcset=\"https:\/\/tmmedios.com\/wp-content\/uploads\/2025\/02\/Programacion-Romatica-y-Plakosa_003.png ,https:\/\/tmmedios.com\/wp-content\/uploads\/2025\/02\/Programacion-Romatica-y-Plakosa_003.png 780w, https:\/\/tmmedios.com\/wp-content\/uploads\/2025\/02\/Programacion-Romatica-y-Plakosa_003.png 360w\" sizes=\"auto, (max-width: 480px) 150px\" src=\"https:\/\/tmmedios.com\/wp-content\/uploads\/2025\/02\/Programacion-Romatica-y-Plakosa_003.png\" alt=\"\" class=\"uag-image-3120\" width=\"607\" height=\"794\" title=\"Programacion Romatica y Plakosa_003\" loading=\"lazy\" role=\"img\"\/><\/figure><\/div>\n<\/div>\n\n\n\n<div class=\"wp-block-uagb-container uagb-block-9ae6bc0c\">\n<div class=\"wp-block-uagb-image uagb-block-d660cd5d wp-block-uagb-image--layout-default wp-block-uagb-image--effect-static wp-block-uagb-image--align-none\"><figure class=\"wp-block-uagb-image__figure\"><img decoding=\"async\" srcset=\"https:\/\/tmmedios.com\/wp-content\/uploads\/2025\/10\/BARRA-DE-PROGRAMACION-LA-PLAKOSA-786x1024.jpeg ,https:\/\/tmmedios.com\/wp-content\/uploads\/2025\/10\/BARRA-DE-PROGRAMACION-LA-PLAKOSA.jpeg 780w, https:\/\/tmmedios.com\/wp-content\/uploads\/2025\/10\/BARRA-DE-PROGRAMACION-LA-PLAKOSA.jpeg 360w\" sizes=\"auto, (max-width: 480px) 150px\" src=\"https:\/\/tmmedios.com\/wp-content\/uploads\/2025\/10\/BARRA-DE-PROGRAMACION-LA-PLAKOSA-786x1024.jpeg\" alt=\"\" class=\"uag-image-3440\" width=\"607\" height=\"794\" title=\"BARRA DE PROGRAMACION LA PLAKOSA\" loading=\"lazy\" role=\"img\"\/><\/figure><\/div>\n<\/div>\n<\/div><\/div>\n","protected":false},"excerpt":{"rendered":"<p>Un concepto musical con los \u00e9xitos del regional mexicano, as\u00ed&hellip;<\/p>\n","protected":false},"author":1,"featured_media":0,"parent":0,"menu_order":0,"comment_status":"closed","ping_status":"closed","template":"","meta":{"_uag_custom_page_level_css":"","footnotes":""},"class_list":["post-2789","page","type-page","status-publish","hentry"],"uagb_featured_image_src":{"full":false,"thumbnail":false,"medium":false,"medium_large":false,"large":false,"1536x1536":false,"2048x2048":false},"uagb_author_info":{"display_name":"admin","author_link":"https:\/\/tmmedios.com\/?author=1"},"uagb_comment_info":0,"uagb_excerpt":"Un concepto musical con los \u00e9xitos del regional mexicano, as\u00ed&hellip;","_links":{"self":[{"href":"https:\/\/tmmedios.com\/index.php?rest_route=\/wp\/v2\/pages\/2789","targetHints":{"allow":["GET"]}}],"collection":[{"href":"https:\/\/tmmedios.com\/index.php?rest_route=\/wp\/v2\/pages"}],"about":[{"href":"https:\/\/tmmedios.com\/index.php?rest_route=\/wp\/v2\/types\/page"}],"author":[{"embeddable":true,"href":"https:\/\/tmmedios.com\/index.php?rest_route=\/wp\/v2\/users\/1"}],"replies":[{"embeddable":true,"href":"https:\/\/tmmedios.com\/index.php?rest_route=%2Fwp%2Fv2%2Fcomments&post=2789"}],"version-history":[{"count":41,"href":"https:\/\/tmmedios.com\/index.php?rest_route=\/wp\/v2\/pages\/2789\/revisions"}],"predecessor-version":[{"id":3464,"href":"https:\/\/tmmedios.com\/index.php?rest_route=\/wp\/v2\/pages\/2789\/revisions\/3464"}],"wp:attachment":[{"href":"https:\/\/tmmedios.com\/index.php?rest_route=%2Fwp%2Fv2%2Fmedia&parent=2789"}],"curies":[{"name":"wp","href":"https:\/\/api.w.org\/{rel}","templated":true}]}}